{"id":788,"date":"2019-01-13T06:29:19","date_gmt":"2019-01-13T06:29:19","guid":{"rendered":"http:\/\/huigra.com\/camping-ecuador\/?page_id=788"},"modified":"2019-02-20T00:58:23","modified_gmt":"2019-02-20T00:58:23","slug":"miel-cruda-de-abeja-huigra-viejo","status":"publish","type":"page","link":"https:\/\/huigra.com\/camping-ecuador\/miel-cruda-de-abeja-huigra-viejo\/","title":{"rendered":"Miel Cruda de Abejas"},"content":{"rendered":"<p>En Huigra Viejo\u00a0producimos miel cruda de abeja de alta calidad.<\/p>\n<p><a href=\"http:\/\/huigra.com\/camping-ecuador\/wp-content\/uploads\/2019\/01\/miel2.jpg\"><img loading=\"lazy\" class=\"aligncenter wp-image-789\" src=\"http:\/\/huigra.com\/camping-ecuador\/wp-content\/uploads\/2019\/01\/miel2.jpg\" alt=\"\" width=\"548\" height=\"531\" srcset=\"https:\/\/huigra.com\/camping-ecuador\/wp-content\/uploads\/2019\/01\/miel2.jpg 1200w, https:\/\/huigra.com\/camping-ecuador\/wp-content\/uploads\/2019\/01\/miel2-300x291.jpg 300w, https:\/\/huigra.com\/camping-ecuador\/wp-content\/uploads\/2019\/01\/miel2-768x744.jpg 768w, https:\/\/huigra.com\/camping-ecuador\/wp-content\/uploads\/2019\/01\/miel2-1024x992.jpg 1024w, https:\/\/huigra.com\/camping-ecuador\/wp-content\/uploads\/2019\/01\/miel2-100x97.jpg 100w, https:\/\/huigra.com\/camping-ecuador\/wp-content\/uploads\/2019\/01\/miel2-79x77.jpg 79w\" sizes=\"(max-width: 548px) 100vw, 548px\" \/><\/a><\/p>\n<p>&nbsp;<\/p>\n<form action=\"https:\/\/www.paypal.com\/cgi-bin\/webscr\" method=\"post\" target=\"_top\"><input name=\"cmd\" type=\"hidden\" value=\"_s-xclick\" \/><strong>Compra en l\u00ednea de forma segura<\/strong><br \/>\n<input name=\"hosted_button_id\" type=\"hidden\" value=\"WYMZQK7CA7DMY\" \/><\/p>\n<p>Env\u00edos a todo el Ecuador.<\/p>\n<p><input alt=\"PayPal, la forma r\u00e1pida y segura de pagar en Internet.\" name=\"submit\" src=\"https:\/\/www.paypalobjects.com\/es_ES\/ES\/i\/btn\/btn_buynowCC_LG.gif\" type=\"image\" \/><br \/>\n<img loading=\"lazy\" src=\"https:\/\/www.paypalobjects.com\/en_US\/i\/scr\/pixel.gif\" alt=\"\" width=\"1\" height=\"1\" border=\"0\" \/><\/p>\n<\/form>\n<p><strong>Caracter\u00edsticas de la Miel Cruda de Abeja<\/strong><\/p>\n<p>La miel cruda es una miel sin procesar, directamente envasada luego de cosechar del panal. Es decir, sin pasar por los procesos de calentamiento o pasteurizaci\u00f3n, que modifican\u00a0sus propiedades. Tampoco se refina o se a\u00f1aden preservantes o aditivos. Es por eso su sabor y colores m\u00e1s intensos.<\/p>\n<p>La miel cruda conserva todas las propiedades de la miel intactas y\u00a0contiene\u00a0levaduras vivas, enzimas y polen\u00a0muy beneficiosos para la salud. Sus propiedades curativas y antibi\u00f3ticas son reconocidas.<\/p>\n<p>Debido a su naturaleza la miel cruda puede contener min\u00fasculas impurezas como migajas de cera del panal o de abejas. Tambi\u00e9n\u00a0tiende a cristalizarse m\u00e1s r\u00e1pido que la miel convencional, lo cual no altera sus propiedades.<\/p>\n<p>Recomendado para todas las edades a partir de los 2 a\u00f1os.<\/p>\n<p><strong>Qu\u00e9 hacer si se cristaliza?<\/strong><\/p>\n<p>Si se cristaliza hay dos opciones, la primera\u00a0y mejor es comerla cristalizada. Es m\u00e1s f\u00e1cil de aplicar y se tiende a regar menos. Muchas personas la prefieren de esta forma y en muchos pa\u00edses se comercializa con el\u00a0t\u00e9rmino\u00a0&#8220;miel cremosa&#8221; o granulada (whipped honey \/ granulated honey).<\/p>\n<p>La\u00a0otra opci\u00f3n es realizar un ba\u00f1o-mar\u00eda para regresarla a su estado l\u00edquido, teniendo cuidado de no sobrecalentarla, pues podemos echarla a perder. Esta opci\u00f3n tambi\u00e9n alterar\u00e1 las propiedades de la miel cruda, perdiendo\u00a0los atributos que tanto cuidamos al envasarla.<\/p>\n<p><strong>Se puede comer miel si tengo diabetes?<\/strong><\/p>\n<p>La miel de abeja tiene un \u00edndice GI (<em>\u00edndice glic\u00e9mico<\/em>) m\u00e1s bajo que la sacarosa, debido principalmente a que contiene un alto porcentaje de fructosa. Muchos la recomiendan como una alternativa m\u00e1s sana para endulzar que el az\u00facar com\u00fan o el az\u00facar moreno.<\/p>\n","protected":false},"excerpt":{"rendered":"<p>En Huigra Viejo\u00a0producimos miel cruda de abeja de alta calidad. &nbsp; Compra en l\u00ednea de forma segura Env\u00edos a todo el Ecuador. Caracter\u00edsticas de la <\/p>\n<p><a href=\"https:\/\/huigra.com\/camping-ecuador\/miel-cruda-de-abeja-huigra-viejo\/\" class=\"button2\">Read More &raquo;<\/a><\/p>\n","protected":false},"author":1,"featured_media":0,"parent":0,"menu_order":0,"comment_status":"closed","ping_status":"closed","template":"template-full-width.php","meta":[],"_links":{"self":[{"href":"https:\/\/huigra.com\/camping-ecuador\/wp-json\/wp\/v2\/pages\/788"}],"collection":[{"href":"https:\/\/huigra.com\/camping-ecuador\/wp-json\/wp\/v2\/pages"}],"about":[{"href":"https:\/\/huigra.com\/camping-ecuador\/wp-json\/wp\/v2\/types\/page"}],"author":[{"embeddable":true,"href":"https:\/\/huigra.com\/camping-ecuador\/wp-json\/wp\/v2\/users\/1"}],"replies":[{"embeddable":true,"href":"https:\/\/huigra.com\/camping-ecuador\/wp-json\/wp\/v2\/comments?post=788"}],"version-history":[{"count":13,"href":"https:\/\/huigra.com\/camping-ecuador\/wp-json\/wp\/v2\/pages\/788\/revisions"}],"predecessor-version":[{"id":810,"href":"https:\/\/huigra.com\/camping-ecuador\/wp-json\/wp\/v2\/pages\/788\/revisions\/810"}],"wp:attachment":[{"href":"https:\/\/huigra.com\/camping-ecuador\/wp-json\/wp\/v2\/media?parent=788"}],"curies":[{"name":"wp","href":"https:\/\/api.w.org\/{rel}","templated":true}]}}