{"id":72,"date":"2014-04-02T01:07:14","date_gmt":"2014-04-02T01:07:14","guid":{"rendered":"http:\/\/huigra.com\/?page_id=72"},"modified":"2016-07-28T06:15:51","modified_gmt":"2016-07-28T06:15:51","slug":"historia","status":"publish","type":"page","link":"https:\/\/huigra.com\/camping-ecuador\/historia\/","title":{"rendered":"Historia"},"content":{"rendered":"<p>El lugar donde se asienta Huigra Viejo Camping Resort es un lugar rico en historia. Fue all\u00ed mismo donde naci\u00f3 el pueblo de Huigra.<\/p>\n<p>Huigra fue originalmente un campamento de trabajadores del Ferrocarril del Sur, la l\u00ednea f\u00e9rrea que cruza el Ecuador de Sur a Norte. El primer campamento se asent\u00f3 en lo que hoy se conoce como Huigra Viejo, quiz\u00e1s para aprovechar las cristalinas aguas bebestibles del arrollo que desciende de la quebrada del Cerro Chasmay.<\/p>\n<p><a href=\"http:\/\/huigra.com\/wp-content\/uploads\/2014\/04\/campamento_huigra_viejo.png\"><img loading=\"lazy\" width=\"590\" height=\"423\" class=\"alignnone size-full wp-image-88\" src=\"http:\/\/huigra.com\/wp-content\/uploads\/2014\/04\/campamento_huigra_viejo.png\" alt=\"campamento_huigra_viejo\" srcset=\"https:\/\/huigra.com\/camping-ecuador\/wp-content\/uploads\/2014\/04\/campamento_huigra_viejo.png 590w, https:\/\/huigra.com\/camping-ecuador\/wp-content\/uploads\/2014\/04\/campamento_huigra_viejo-300x215.png 300w, https:\/\/huigra.com\/camping-ecuador\/wp-content\/uploads\/2014\/04\/campamento_huigra_viejo-100x71.png 100w, https:\/\/huigra.com\/camping-ecuador\/wp-content\/uploads\/2014\/04\/campamento_huigra_viejo-107x77.png 107w\" sizes=\"(max-width: 590px) 100vw, 590px\" \/><\/a><\/p>\n<p>Huigra Viejo Camping Resort est\u00e1 inspirado en esas primeras tiendas de campa\u00f1a alojaron a aquellos valerosos trabajadores que con casi ninguna herramienta construyeron lo que se lleg\u00f3 a denominar El Ferrocarril m\u00e1s Dif\u00edcil del Mundo.<\/p>\n<p>El campamento original fue posteriormente trasladado aguas arriba del r\u00edo Chanch\u00e1n, donde actualmente se encuentra el pueblo de Huigra. Sin embargo, Huigra Viejo continu\u00f3 siendo lugar de historias fascinantes, casi inveros\u00edmiles, como aquella que cuenta del hallazgo de un cofre lleno de oro.<\/p>\n","protected":false},"excerpt":{"rendered":"<p>El lugar donde se asienta Huigra Viejo Camping Resort es un lugar rico en historia. Fue all\u00ed mismo donde naci\u00f3 el pueblo de Huigra. Huigra <\/p>\n<p><a href=\"https:\/\/huigra.com\/camping-ecuador\/historia\/\" class=\"button2\">Read More &raquo;<\/a><\/p>\n","protected":false},"author":1,"featured_media":0,"parent":0,"menu_order":0,"comment_status":"closed","ping_status":"open","template":"template-full-width.php","meta":[],"_links":{"self":[{"href":"https:\/\/huigra.com\/camping-ecuador\/wp-json\/wp\/v2\/pages\/72"}],"collection":[{"href":"https:\/\/huigra.com\/camping-ecuador\/wp-json\/wp\/v2\/pages"}],"about":[{"href":"https:\/\/huigra.com\/camping-ecuador\/wp-json\/wp\/v2\/types\/page"}],"author":[{"embeddable":true,"href":"https:\/\/huigra.com\/camping-ecuador\/wp-json\/wp\/v2\/users\/1"}],"replies":[{"embeddable":true,"href":"https:\/\/huigra.com\/camping-ecuador\/wp-json\/wp\/v2\/comments?post=72"}],"version-history":[{"count":14,"href":"https:\/\/huigra.com\/camping-ecuador\/wp-json\/wp\/v2\/pages\/72\/revisions"}],"predecessor-version":[{"id":683,"href":"https:\/\/huigra.com\/camping-ecuador\/wp-json\/wp\/v2\/pages\/72\/revisions\/683"}],"wp:attachment":[{"href":"https:\/\/huigra.com\/camping-ecuador\/wp-json\/wp\/v2\/media?parent=72"}],"curies":[{"name":"wp","href":"https:\/\/api.w.org\/{rel}","templated":true}]}}