{"id":437,"date":"2014-05-06T22:00:19","date_gmt":"2014-05-06T22:00:19","guid":{"rendered":"http:\/\/huigra.com\/?page_id=437"},"modified":"2016-07-28T06:18:26","modified_gmt":"2016-07-28T06:18:26","slug":"politicas-de-reserva-y-cancelacion","status":"publish","type":"page","link":"https:\/\/huigra.com\/camping-ecuador\/politicas-de-reserva-y-cancelacion\/","title":{"rendered":"Pol\u00edticas de reserva y cancelaci\u00f3n"},"content":{"rendered":"<p>Antes de reservar es necesario que usted conozca algunas de nuestras pol\u00edticas.<\/p>\n<p><strong>Reservas<\/strong><\/p>\n<ul>\n<li>Todas nuestras reservas se realizan a trav\u00e9s del Web de huigra.com o a trav\u00e9s de nuestra red de asociados como booking.com o airbnb.com.<\/li>\n<li>Aceptamos las tarjetas de cr\u00e9dito Visa, Mastercard y American Express, as\u00ed como tambi\u00e9n pagos a trav\u00e9s de Paypal.<\/li>\n<li>En sitio es posible pagar con tarjeta de cr\u00e9dito o en efectivo.<\/li>\n<\/ul>\n<p><strong>Ni\u00f1os y mascotas<\/strong><\/p>\n<ul>\n<li>Los ni\u00f1os menores de 2 a\u00f1os no pagan alojamiento.<\/li>\n<li>Las mascotas s\u00f3lo son permitidas en el tipo de alojamiento Full comfort, debido a que se dispone de un espacio\u00a0privado.<\/li>\n<\/ul>\n<p><strong>Cancelaciones<\/strong><\/p>\n<ul>\n<li>Las cancelaciones recibidas antes de 15 d\u00edas de la reserva se penalizar\u00e1n con el 15% del valor total de la reserva.<\/li>\n<li>Las cancelaciones recibidas luego de esa fecha se penalizan con el 50% de la reserva.<\/li>\n<\/ul>\n","protected":false},"excerpt":{"rendered":"<p>Antes de reservar es necesario que usted conozca algunas de nuestras pol\u00edticas. Reservas Todas nuestras reservas se realizan a trav\u00e9s del Web de huigra.com o <\/p>\n<p><a href=\"https:\/\/huigra.com\/camping-ecuador\/politicas-de-reserva-y-cancelacion\/\" class=\"button2\">Read More &raquo;<\/a><\/p>\n","protected":false},"author":1,"featured_media":0,"parent":0,"menu_order":0,"comment_status":"closed","ping_status":"open","template":"template-full-width.php","meta":[],"_links":{"self":[{"href":"https:\/\/huigra.com\/camping-ecuador\/wp-json\/wp\/v2\/pages\/437"}],"collection":[{"href":"https:\/\/huigra.com\/camping-ecuador\/wp-json\/wp\/v2\/pages"}],"about":[{"href":"https:\/\/huigra.com\/camping-ecuador\/wp-json\/wp\/v2\/types\/page"}],"author":[{"embeddable":true,"href":"https:\/\/huigra.com\/camping-ecuador\/wp-json\/wp\/v2\/users\/1"}],"replies":[{"embeddable":true,"href":"https:\/\/huigra.com\/camping-ecuador\/wp-json\/wp\/v2\/comments?post=437"}],"version-history":[{"count":5,"href":"https:\/\/huigra.com\/camping-ecuador\/wp-json\/wp\/v2\/pages\/437\/revisions"}],"predecessor-version":[{"id":685,"href":"https:\/\/huigra.com\/camping-ecuador\/wp-json\/wp\/v2\/pages\/437\/revisions\/685"}],"wp:attachment":[{"href":"https:\/\/huigra.com\/camping-ecuador\/wp-json\/wp\/v2\/media?parent=437"}],"curies":[{"name":"wp","href":"https:\/\/api.w.org\/{rel}","templated":true}]}}