{"id":306,"date":"2014-04-26T18:41:17","date_gmt":"2014-04-26T18:41:17","guid":{"rendered":"http:\/\/huigra.com\/?page_id=306"},"modified":"2016-07-28T06:13:52","modified_gmt":"2016-07-28T06:13:52","slug":"clima","status":"publish","type":"page","link":"https:\/\/huigra.com\/camping-ecuador\/clima\/","title":{"rendered":"Clima"},"content":{"rendered":"<p><strong>Huigra<\/strong> es reconocida por su clima primaveral durante todo el a\u00f1o. Al estar ubicada muy cerca de la l\u00ednea ecuatorial s\u00f3lo existen dos estaciones, lluviosa y seca, con muy poca variabilidad de temperatura entre ellas.<\/p>\n<p>Estas condiciones clim\u00e1ticas hacen de <strong>Huigra<\/strong> un sitio ideal para acampar.<\/p>\n<p>A continuaci\u00f3n el clima en este instante y un pron\u00f3stico del clima para los siguientes d\u00edas. La temperatura mostrada aqu\u00ed es 4 o 5 grados menor a la real pues la estaci\u00f3n de medici\u00f3n se encuentra aproximadamente 500 metros sobre el campamento con un clima ligeramente diferente.<br \/>\n<iframe loading=\"lazy\" id=\"forecast_embed\" src=\"http:\/\/forecast.io\/embed\/#lat=-2.2834832&amp;lon=-78.9887641&amp;color=#0076a3&amp;units=ca&amp;name=Huigra Viejo\" width=\"100%\" height=\"245\" frameborder=\"0\"> <\/iframe><\/p>\n","protected":false},"excerpt":{"rendered":"<p>Huigra es reconocida por su clima primaveral durante todo el a\u00f1o. Al estar ubicada muy cerca de la l\u00ednea ecuatorial s\u00f3lo existen dos estaciones, lluviosa <\/p>\n<p><a href=\"https:\/\/huigra.com\/camping-ecuador\/clima\/\" class=\"button2\">Read More &raquo;<\/a><\/p>\n","protected":false},"author":1,"featured_media":0,"parent":0,"menu_order":0,"comment_status":"closed","ping_status":"open","template":"template-full-width.php","meta":[],"_links":{"self":[{"href":"https:\/\/huigra.com\/camping-ecuador\/wp-json\/wp\/v2\/pages\/306"}],"collection":[{"href":"https:\/\/huigra.com\/camping-ecuador\/wp-json\/wp\/v2\/pages"}],"about":[{"href":"https:\/\/huigra.com\/camping-ecuador\/wp-json\/wp\/v2\/types\/page"}],"author":[{"embeddable":true,"href":"https:\/\/huigra.com\/camping-ecuador\/wp-json\/wp\/v2\/users\/1"}],"replies":[{"embeddable":true,"href":"https:\/\/huigra.com\/camping-ecuador\/wp-json\/wp\/v2\/comments?post=306"}],"version-history":[{"count":17,"href":"https:\/\/huigra.com\/camping-ecuador\/wp-json\/wp\/v2\/pages\/306\/revisions"}],"predecessor-version":[{"id":675,"href":"https:\/\/huigra.com\/camping-ecuador\/wp-json\/wp\/v2\/pages\/306\/revisions\/675"}],"wp:attachment":[{"href":"https:\/\/huigra.com\/camping-ecuador\/wp-json\/wp\/v2\/media?parent=306"}],"curies":[{"name":"wp","href":"https:\/\/api.w.org\/{rel}","templated":true}]}}