{"id":245,"date":"2014-04-11T14:12:36","date_gmt":"2014-04-11T14:12:36","guid":{"rendered":"http:\/\/huigra.com\/?page_id=245"},"modified":"2017-07-04T18:08:46","modified_gmt":"2017-07-04T18:08:46","slug":"como-llegar","status":"publish","type":"page","link":"https:\/\/huigra.com\/camping-ecuador\/como-llegar\/","title":{"rendered":"C\u00f3mo llegar"},"content":{"rendered":"<p><strong>Desde Guayaquil<\/strong><\/p>\n<p>Si decide viajar en bus debe\u00a0dirigirse al Terminal Terreste y comprar un boleto en la Cooperativa de Transportes Alaus\u00ed (CTA). Estos buses van directo a Alaus\u00ed y hacen escala en Huigra.<\/p>\n<p>Si viaja en su auto\u00a0desde Guayaquil debe tomar\u00a0el puente de La Unidad Nacional con direcci\u00f3n a Dur\u00e1n y a partir de all\u00ed la carretera E40 hacia El Triunfo. Luego del Triunfo\u00a0tomar la v\u00eda El Triunfo-Bucay y aproximadamente a 8\u00a0minutos de recorrido veremos la v\u00eda a Huigra (E47) hacia la derecha. Aqu\u00ed una foto del letrero en este punto.<\/p>\n<p><a href=\"http:\/\/huigra.com\/camping-ecuador\/wp-content\/uploads\/2014\/04\/letrero_desvio.png\"><img loading=\"lazy\" class=\"aligncenter wp-image-705\" src=\"http:\/\/huigra.com\/camping-ecuador\/wp-content\/uploads\/2014\/04\/letrero_desvio-1024x596.png\" width=\"433\" height=\"252\" srcset=\"https:\/\/huigra.com\/camping-ecuador\/wp-content\/uploads\/2014\/04\/letrero_desvio-1024x596.png 1024w, https:\/\/huigra.com\/camping-ecuador\/wp-content\/uploads\/2014\/04\/letrero_desvio-300x175.png 300w, https:\/\/huigra.com\/camping-ecuador\/wp-content\/uploads\/2014\/04\/letrero_desvio-768x447.png 768w, https:\/\/huigra.com\/camping-ecuador\/wp-content\/uploads\/2014\/04\/letrero_desvio-100x58.png 100w, https:\/\/huigra.com\/camping-ecuador\/wp-content\/uploads\/2014\/04\/letrero_desvio-132x77.png 132w, https:\/\/huigra.com\/camping-ecuador\/wp-content\/uploads\/2014\/04\/letrero_desvio.png 1200w\" sizes=\"(max-width: 433px) 100vw, 433px\" \/><\/a><\/p>\n<p>El viaje completo desde Guayaquil hasta Huigra, en auto, toma alrededor de 2 horas y 40 minutos.<\/p>\n<p>Desde Huigra hasta el campamento son 6 minutos en auto en direcci\u00f3n a Huigra Viejo. La v\u00eda queda junto a la l\u00ednea del tren.<\/p>\n<p><a href=\"http:\/\/huigra.com\/camping-ecuador\/wp-content\/uploads\/2014\/04\/desde_guayaquil1.png\"><img loading=\"lazy\" width=\"800\" height=\"383\" class=\"aligncenter size-full wp-image-253\" src=\"http:\/\/huigra.com\/camping-ecuador\/wp-content\/uploads\/2014\/04\/desde_guayaquil1.png\" alt=\"desde_guayaquil\" srcset=\"https:\/\/huigra.com\/camping-ecuador\/wp-content\/uploads\/2014\/04\/desde_guayaquil1.png 800w, https:\/\/huigra.com\/camping-ecuador\/wp-content\/uploads\/2014\/04\/desde_guayaquil1-300x143.png 300w, https:\/\/huigra.com\/camping-ecuador\/wp-content\/uploads\/2014\/04\/desde_guayaquil1-100x47.png 100w, https:\/\/huigra.com\/camping-ecuador\/wp-content\/uploads\/2014\/04\/desde_guayaquil1-160x77.png 160w\" sizes=\"(max-width: 800px) 100vw, 800px\" \/><\/a><\/p>\n<p><strong style=\"line-height: 1.5em;\">Desde Quito<\/strong><\/p>\n<p>Tomamos la Panamericana (E35) con rumbo a Riobamba y posteriormente a Alaus\u00ed. Finalmente enrumbamos hasta Huigra.<\/p>\n<p>El viaje en auto toma alrededor de 6 horas y media.<\/p>\n<p>Desde Huigra hasta el campamento son 5 minutos en auto en direcci\u00f3n a Huigra Viejo. La v\u00eda queda junto a la l\u00ednea del tren.<\/p>\n<p><a href=\"http:\/\/huigra.com\/camping-ecuador\/wp-content\/uploads\/2014\/04\/desde_quito.png\"><img loading=\"lazy\" width=\"502\" height=\"800\" class=\"aligncenter size-full wp-image-246\" src=\"http:\/\/huigra.com\/camping-ecuador\/wp-content\/uploads\/2014\/04\/desde_quito.png\" alt=\"desde_quito\" srcset=\"https:\/\/huigra.com\/camping-ecuador\/wp-content\/uploads\/2014\/04\/desde_quito.png 502w, https:\/\/huigra.com\/camping-ecuador\/wp-content\/uploads\/2014\/04\/desde_quito-188x300.png 188w, https:\/\/huigra.com\/camping-ecuador\/wp-content\/uploads\/2014\/04\/desde_quito-62x100.png 62w, https:\/\/huigra.com\/camping-ecuador\/wp-content\/uploads\/2014\/04\/desde_quito-48x77.png 48w\" sizes=\"(max-width: 502px) 100vw, 502px\" \/><\/a><\/p>\n<p><strong>Desde Cuenca<\/strong><\/p>\n<p>Desde Cuenca tomamos la Panamericana (E35) hacia el norte y llegamos hasta la poblaci\u00f3n de Chunchi. Desde Chunchi nos dirigimos hacia el pueblo de Huigra.<\/p>\n<p>El viaje en auto toma alrededor de 2 horas.<\/p>\n<p>Tambi\u00e9n puede llegar al pueblo de Alaus\u00ed y visitar los atractivos del lugar. Sin embargo, eso requerir\u00e1 de unos minutos m\u00e1s de tiempo.<\/p>\n<p>Desde Huigra hasta el campamento son 5 minutos en auto en direcci\u00f3n a Huigra Viejo. La v\u00eda queda junto a la l\u00ednea del tren.<\/p>\n<p><a href=\"http:\/\/huigra.com\/camping-ecuador\/wp-content\/uploads\/2014\/04\/desde_cuenca.png\"><img loading=\"lazy\" width=\"439\" height=\"550\" class=\"aligncenter size-full wp-image-248\" src=\"http:\/\/huigra.com\/camping-ecuador\/wp-content\/uploads\/2014\/04\/desde_cuenca.png\" alt=\"desde_cuenca\" srcset=\"https:\/\/huigra.com\/camping-ecuador\/wp-content\/uploads\/2014\/04\/desde_cuenca.png 439w, https:\/\/huigra.com\/camping-ecuador\/wp-content\/uploads\/2014\/04\/desde_cuenca-239x300.png 239w, https:\/\/huigra.com\/camping-ecuador\/wp-content\/uploads\/2014\/04\/desde_cuenca-79x100.png 79w, https:\/\/huigra.com\/camping-ecuador\/wp-content\/uploads\/2014\/04\/desde_cuenca-61x77.png 61w\" sizes=\"(max-width: 439px) 100vw, 439px\" \/><\/a><\/p>\n<p><strong>Desde Huigra<\/strong><\/p>\n<p>Si ya nos encontramos en el pueblo de Huigra debemos llegar a la estaci\u00f3n del ferrocarril y seguir la l\u00ednea de tren con direcci\u00f3n a Huigra Viejo durante unos 5 minutos. Poco despu\u00e9s de la marca del kil\u00f3metro 116 de la l\u00ednea ferrea inicia la subida al campamento (se encuentra al lado derecho). Se trata de un camino lastrado.<\/p>\n<p>A continuaci\u00f3n un mapa detallado, las flechas indican la direcci\u00f3n del campamento.<\/p>\n<p><a href=\"http:\/\/huigra.com\/camping-ecuador\/wp-content\/uploads\/2014\/04\/mapa_huigra5.png\"><img loading=\"lazy\" width=\"700\" height=\"653\" class=\"size-full wp-image-561 aligncenter\" src=\"http:\/\/huigra.com\/camping-ecuador\/wp-content\/uploads\/2014\/04\/mapa_huigra5.png\" alt=\"mapa_huigra\" srcset=\"https:\/\/huigra.com\/camping-ecuador\/wp-content\/uploads\/2014\/04\/mapa_huigra5.png 700w, https:\/\/huigra.com\/camping-ecuador\/wp-content\/uploads\/2014\/04\/mapa_huigra5-300x279.png 300w, https:\/\/huigra.com\/camping-ecuador\/wp-content\/uploads\/2014\/04\/mapa_huigra5-100x93.png 100w, https:\/\/huigra.com\/camping-ecuador\/wp-content\/uploads\/2014\/04\/mapa_huigra5-82x77.png 82w\" sizes=\"(max-width: 700px) 100vw, 700px\" \/><\/a><\/p>\n<p><strong>V\u00eda alterna desde Guayaquil<\/strong><\/p>\n<p>En caso de la v\u00eda sugerida con anterioridad se encuentre averiada, puede tomar otro camino (una hora m\u00e1s largo) para llegar a Huigra. A continuaci\u00f3n el mapa detallado.<\/p>\n<p><a href=\"http:\/\/huigra.com\/camping-ecuador\/wp-content\/uploads\/2014\/04\/viaj-via.jpg\"><img loading=\"lazy\" class=\"aligncenter wp-image-731\" src=\"http:\/\/huigra.com\/camping-ecuador\/wp-content\/uploads\/2014\/04\/viaj-via.jpg\" alt=\"\" width=\"956\" height=\"436\" \/><\/a><\/p>\n","protected":false},"excerpt":{"rendered":"<p>Desde Guayaquil Si decide viajar en bus debe\u00a0dirigirse al Terminal Terreste y comprar un boleto en la Cooperativa de Transportes Alaus\u00ed (CTA). Estos buses van <\/p>\n<p><a href=\"https:\/\/huigra.com\/camping-ecuador\/como-llegar\/\" class=\"button2\">Read More &raquo;<\/a><\/p>\n","protected":false},"author":1,"featured_media":0,"parent":0,"menu_order":0,"comment_status":"closed","ping_status":"open","template":"template-full-width.php","meta":[],"_links":{"self":[{"href":"https:\/\/huigra.com\/camping-ecuador\/wp-json\/wp\/v2\/pages\/245"}],"collection":[{"href":"https:\/\/huigra.com\/camping-ecuador\/wp-json\/wp\/v2\/pages"}],"about":[{"href":"https:\/\/huigra.com\/camping-ecuador\/wp-json\/wp\/v2\/types\/page"}],"author":[{"embeddable":true,"href":"https:\/\/huigra.com\/camping-ecuador\/wp-json\/wp\/v2\/users\/1"}],"replies":[{"embeddable":true,"href":"https:\/\/huigra.com\/camping-ecuador\/wp-json\/wp\/v2\/comments?post=245"}],"version-history":[{"count":24,"href":"https:\/\/huigra.com\/camping-ecuador\/wp-json\/wp\/v2\/pages\/245\/revisions"}],"predecessor-version":[{"id":752,"href":"https:\/\/huigra.com\/camping-ecuador\/wp-json\/wp\/v2\/pages\/245\/revisions\/752"}],"wp:attachment":[{"href":"https:\/\/huigra.com\/camping-ecuador\/wp-json\/wp\/v2\/media?parent=245"}],"curies":[{"name":"wp","href":"https:\/\/api.w.org\/{rel}","templated":true}]}}