{"id":23,"date":"2012-07-20T04:16:52","date_gmt":"2012-07-20T04:16:52","guid":{"rendered":"http:\/\/192.168.1.2\/hotel\/www2\/?page_id=23"},"modified":"2017-03-03T19:20:46","modified_gmt":"2017-03-03T19:20:46","slug":"contact","status":"publish","type":"page","link":"https:\/\/huigra.com\/camping-ecuador\/contact\/","title":{"rendered":"Contact"},"content":{"rendered":"<p>Si est\u00e1 interesado en contactarnos directamente ac\u00e9rquese por favor a alguna de las siguientes direcciones o s\u00edguenos en Twitter en <a title=\"Cuenta de Twitter\" href=\"http:\/\/www.twitter.com\/@huigraviejo\">@huigraviejo<\/a><\/p>\n<p><strong>Oficinas administrativas Guayaquil<\/strong><\/p>\n<p>Edificio EMPORIOUM, oficina 1704, Puerto Santa Ana.<\/p>\n<p>Guayaquil, Ecuador<\/p>\n<p><strong>Direcci\u00f3n de Huigra Viejo Camping Resort<\/strong><\/p>\n<p>Quebrada de Huigra Viejo<\/p>\n<p>Chimborazo, Ecuador<\/p>\n","protected":false},"excerpt":{"rendered":"<p>Si est\u00e1 interesado en contactarnos directamente ac\u00e9rquese por favor a alguna de las siguientes direcciones o s\u00edguenos en Twitter en @huigraviejo Oficinas administrativas Guayaquil Edificio <\/p>\n<p><a href=\"https:\/\/huigra.com\/camping-ecuador\/contact\/\" class=\"button2\">Read More &raquo;<\/a><\/p>\n","protected":false},"author":1,"featured_media":0,"parent":0,"menu_order":0,"comment_status":"closed","ping_status":"closed","template":"template-contact.php","meta":[],"_links":{"self":[{"href":"https:\/\/huigra.com\/camping-ecuador\/wp-json\/wp\/v2\/pages\/23"}],"collection":[{"href":"https:\/\/huigra.com\/camping-ecuador\/wp-json\/wp\/v2\/pages"}],"about":[{"href":"https:\/\/huigra.com\/camping-ecuador\/wp-json\/wp\/v2\/types\/page"}],"author":[{"embeddable":true,"href":"https:\/\/huigra.com\/camping-ecuador\/wp-json\/wp\/v2\/users\/1"}],"replies":[{"embeddable":true,"href":"https:\/\/huigra.com\/camping-ecuador\/wp-json\/wp\/v2\/comments?post=23"}],"version-history":[{"count":8,"href":"https:\/\/huigra.com\/camping-ecuador\/wp-json\/wp\/v2\/pages\/23\/revisions"}],"predecessor-version":[{"id":723,"href":"https:\/\/huigra.com\/camping-ecuador\/wp-json\/wp\/v2\/pages\/23\/revisions\/723"}],"wp:attachment":[{"href":"https:\/\/huigra.com\/camping-ecuador\/wp-json\/wp\/v2\/media?parent=23"}],"curies":[{"name":"wp","href":"https:\/\/api.w.org\/{rel}","templated":true}]}}