{"id":215,"date":"2014-04-10T01:56:28","date_gmt":"2014-04-10T01:56:28","guid":{"rendered":"http:\/\/huigra.com\/?page_id=215"},"modified":"2019-02-17T17:09:31","modified_gmt":"2019-02-17T17:09:31","slug":"atractivos-cercanos","status":"publish","type":"page","link":"https:\/\/huigra.com\/camping-ecuador\/atractivos-cercanos\/","title":{"rendered":"Atractivos cercanos y otros lugares para acampar en Ecuador"},"content":{"rendered":"<p><strong>Cascada del Panam\u00e1<\/strong><\/p>\n<p>La cascada del Panam\u00e1 se encuentra a 10 minutos de Huigra, en auto. Es un atractivo natural que puede ser visitado por toda la familia.<\/p>\n<p><a href=\"http:\/\/huigra.com\/wp-content\/uploads\/2014\/04\/cascada_panama.png\"><img loading=\"lazy\" width=\"600\" height=\"725\" class=\"aligncenter size-full wp-image-277\" src=\"http:\/\/huigra.com\/wp-content\/uploads\/2014\/04\/cascada_panama.png\" alt=\"cascada_panama\" srcset=\"https:\/\/huigra.com\/camping-ecuador\/wp-content\/uploads\/2014\/04\/cascada_panama.png 600w, https:\/\/huigra.com\/camping-ecuador\/wp-content\/uploads\/2014\/04\/cascada_panama-248x300.png 248w, https:\/\/huigra.com\/camping-ecuador\/wp-content\/uploads\/2014\/04\/cascada_panama-82x100.png 82w, https:\/\/huigra.com\/camping-ecuador\/wp-content\/uploads\/2014\/04\/cascada_panama-63x77.png 63w\" sizes=\"(max-width: 600px) 100vw, 600px\" \/><\/a><\/p>\n<p><strong>Cascada de Angas<\/strong><\/p>\n<p>Esta cascada\u00a0toma su nombre del r\u00edo Angas. Este r\u00edo baja desde lo alto de la cordillera formando este impresionante salto. La cascada se encuentra a 25 minutos de Huigra en auto y luego hay que hacer una breve caminata, descendiendo hasta el lugar donde se la puede observar a plenitud y tomar fotograf\u00edas.<\/p>\n<p><a href=\"http:\/\/huigra.com\/wp-content\/uploads\/2014\/04\/cascada_angas.png\"><img loading=\"lazy\" width=\"600\" height=\"800\" class=\"aligncenter size-full wp-image-281\" src=\"http:\/\/huigra.com\/wp-content\/uploads\/2014\/04\/cascada_angas.png\" alt=\"cascada_angas\" srcset=\"https:\/\/huigra.com\/camping-ecuador\/wp-content\/uploads\/2014\/04\/cascada_angas.png 600w, https:\/\/huigra.com\/camping-ecuador\/wp-content\/uploads\/2014\/04\/cascada_angas-225x300.png 225w, https:\/\/huigra.com\/camping-ecuador\/wp-content\/uploads\/2014\/04\/cascada_angas-75x100.png 75w, https:\/\/huigra.com\/camping-ecuador\/wp-content\/uploads\/2014\/04\/cascada_angas-57x77.png 57w\" sizes=\"(max-width: 600px) 100vw, 600px\" \/><\/a><\/p>\n<p><strong>La Nariz del Diablo<\/strong><\/p>\n<p>Se trata de\u00a0una gran roca que se constituy\u00f3 en un \u00edcono en la construcci\u00f3n de la l\u00ednea ferroviaria del Ecuador hace m\u00e1s de un siglo. Muchos hombres dejaron su vida en este lugar debido a la dificultad que representaba esta obra.<\/p>\n<p><a href=\"http:\/\/huigra.com\/wp-content\/uploads\/2014\/04\/nariz_del_diablo2.png\"><img loading=\"lazy\" width=\"600\" height=\"357\" class=\"aligncenter size-full wp-image-261\" src=\"http:\/\/huigra.com\/wp-content\/uploads\/2014\/04\/nariz_del_diablo2.png\" alt=\"nariz_del_diablo\" srcset=\"https:\/\/huigra.com\/camping-ecuador\/wp-content\/uploads\/2014\/04\/nariz_del_diablo2.png 600w, https:\/\/huigra.com\/camping-ecuador\/wp-content\/uploads\/2014\/04\/nariz_del_diablo2-300x178.png 300w, https:\/\/huigra.com\/camping-ecuador\/wp-content\/uploads\/2014\/04\/nariz_del_diablo2-100x59.png 100w, https:\/\/huigra.com\/camping-ecuador\/wp-content\/uploads\/2014\/04\/nariz_del_diablo2-129x77.png 129w\" sizes=\"(max-width: 600px) 100vw, 600px\" \/><\/a><\/p>\n<p><strong>Pueblo de Huigra<\/strong><\/p>\n<p>Huigra es un pueblo rico en historia y dicha historia est\u00e1 muy vinculada al ferrocarril ecuatoriano, pues el pueblo mismo naci\u00f3 como un campamento de trabajadores de la l\u00ednea f\u00e9rrea a finales del siglo 19.<\/p>\n<p>En Huigra se puede visitar la gruta de la Virgen de Lourdes, el cementerio de los gringos, la estaci\u00f3n de tren y los escombros de la primera Gerencia del ferrocarril.<\/p>\n<p><a href=\"http:\/\/huigra.com\/wp-content\/uploads\/2014\/04\/huigra.png\"><img loading=\"lazy\" width=\"600\" height=\"368\" class=\"aligncenter size-full wp-image-270\" src=\"http:\/\/huigra.com\/wp-content\/uploads\/2014\/04\/huigra.png\" alt=\"huigra\" srcset=\"https:\/\/huigra.com\/camping-ecuador\/wp-content\/uploads\/2014\/04\/huigra.png 600w, https:\/\/huigra.com\/camping-ecuador\/wp-content\/uploads\/2014\/04\/huigra-300x184.png 300w, https:\/\/huigra.com\/camping-ecuador\/wp-content\/uploads\/2014\/04\/huigra-100x61.png 100w, https:\/\/huigra.com\/camping-ecuador\/wp-content\/uploads\/2014\/04\/huigra-125x77.png 125w\" sizes=\"(max-width: 600px) 100vw, 600px\" \/><\/a><\/p>\n<p><strong>Pu\u00f1ay<\/strong><\/p>\n<p>Para los m\u00e1s aventureros y los amantes del <em>trekking<\/em>, el monte Pu\u00f1ay ser\u00e1 un destino irresistible. En su cima se encuentran restos arqueol\u00f3gicos muy poco visitados por lo dif\u00edcil de su acceso y su reciente descubrimiento. Sin embargo, los restos constituyen una pir\u00e1mide escalonada en forma de guacamaya que se dice la m\u00e1s larga del mundo y se cree que son vestigios de la tribu inca de los Ca\u00f1aris.<\/p>\n<p>Desde el campamento se tiene una imponente vista del Pu\u00f1ay, pues se encuentra muy cerca. Sin embargo, p<span style=\"line-height: 1.5em;\">ara llegar a su cima hacen falta horas de caminata. Lo recomendable es salir por la ma\u00f1ana, pasar la noche en la cima del Pu\u00f1ay y regresar por la ma\u00f1ana del siguiente d\u00eda. Sin duda el Pu\u00f1ay es uno de los\u00a0lugares para acampar en Ecuador, luego de Huigra Viejo claro est\u00e1 \ud83d\ude09<\/span><\/p>\n<p><a href=\"http:\/\/huigra.com\/wp-content\/uploads\/2014\/04\/punay.png\"><img loading=\"lazy\" width=\"600\" height=\"387\" class=\"aligncenter size-full wp-image-273\" src=\"http:\/\/huigra.com\/wp-content\/uploads\/2014\/04\/punay.png\" alt=\"punay\" srcset=\"https:\/\/huigra.com\/camping-ecuador\/wp-content\/uploads\/2014\/04\/punay.png 600w, https:\/\/huigra.com\/camping-ecuador\/wp-content\/uploads\/2014\/04\/punay-300x193.png 300w, https:\/\/huigra.com\/camping-ecuador\/wp-content\/uploads\/2014\/04\/punay-100x64.png 100w, https:\/\/huigra.com\/camping-ecuador\/wp-content\/uploads\/2014\/04\/punay-119x77.png 119w, https:\/\/huigra.com\/camping-ecuador\/wp-content\/uploads\/2014\/04\/punay-293x188.png 293w\" sizes=\"(max-width: 600px) 100vw, 600px\" \/><\/a><\/p>\n<p><strong>Alaus\u00ed<\/strong><\/p>\n<p>Alaus\u00ed es un pueblo con mucha historia. Antes y durante la colonia fue un punto de intercambio ind\u00edgena de granos y otros productos de la tierra. Junto a su estaci\u00f3n se encuentra la casa donde Eloy Alfaro pas\u00f3 su \u00faltima noche antes de ser dirigido a Quito.<\/p>\n<p><a href=\"http:\/\/huigra.com\/wp-content\/uploads\/2014\/04\/alausi.png\"><img loading=\"lazy\" width=\"600\" height=\"348\" class=\"aligncenter size-full wp-image-283\" src=\"http:\/\/huigra.com\/wp-content\/uploads\/2014\/04\/alausi.png\" alt=\"alausi\" srcset=\"https:\/\/huigra.com\/camping-ecuador\/wp-content\/uploads\/2014\/04\/alausi.png 600w, https:\/\/huigra.com\/camping-ecuador\/wp-content\/uploads\/2014\/04\/alausi-300x174.png 300w, https:\/\/huigra.com\/camping-ecuador\/wp-content\/uploads\/2014\/04\/alausi-100x58.png 100w, https:\/\/huigra.com\/camping-ecuador\/wp-content\/uploads\/2014\/04\/alausi-132x77.png 132w\" sizes=\"(max-width: 600px) 100vw, 600px\" \/><\/a><\/p>\n<p><strong><span style=\"line-height: 1.5em;\">Ruinas de Ingapirca<\/span><\/strong><\/p>\n<p>Son probablemente las ruinas prehisp\u00e1nicas m\u00e1s famosas de Ecuador. Su nombre significa &#8220;Muro del Inca&#8221; y probablemente eso se vea reflejado en los imponentes y bien esculpidos muros de piedra que lo constituyen.<\/p>\n<p>Para visitarlo desde Huigra hay que llegar primero a la poblaci\u00f3n de Chunchi y desde all\u00ed tomar la v\u00eda Panamericana con direcci\u00f3n hacia el sur, hasta llegar a la poblaci\u00f3n de Tambo, desde donde tomaremos el camino que nos llevar\u00e1 directo a las ruinas.<\/p>\n<p>Desde Huigra el viaje en auto toma aproximadamente una hora y veinte minutos.<\/p>\n<p><a href=\"http:\/\/huigra.com\/wp-content\/uploads\/2014\/04\/ingapirca.jpg\"><img loading=\"lazy\" width=\"600\" height=\"319\" class=\"aligncenter size-full wp-image-256\" src=\"http:\/\/huigra.com\/wp-content\/uploads\/2014\/04\/ingapirca.jpg\" alt=\"ingapirca\" srcset=\"https:\/\/huigra.com\/camping-ecuador\/wp-content\/uploads\/2014\/04\/ingapirca.jpg 600w, https:\/\/huigra.com\/camping-ecuador\/wp-content\/uploads\/2014\/04\/ingapirca-300x159.jpg 300w, https:\/\/huigra.com\/camping-ecuador\/wp-content\/uploads\/2014\/04\/ingapirca-100x53.jpg 100w, https:\/\/huigra.com\/camping-ecuador\/wp-content\/uploads\/2014\/04\/ingapirca-144x77.jpg 144w\" sizes=\"(max-width: 600px) 100vw, 600px\" \/><\/a><\/p>\n","protected":false},"excerpt":{"rendered":"<p>Cascada del Panam\u00e1 La cascada del Panam\u00e1 se encuentra a 10 minutos de Huigra, en auto. Es un atractivo natural que puede ser visitado por <\/p>\n<p><a href=\"https:\/\/huigra.com\/camping-ecuador\/atractivos-cercanos\/\" class=\"button2\">Read More &raquo;<\/a><\/p>\n","protected":false},"author":1,"featured_media":0,"parent":0,"menu_order":0,"comment_status":"closed","ping_status":"open","template":"template-full-width.php","meta":[],"_links":{"self":[{"href":"https:\/\/huigra.com\/camping-ecuador\/wp-json\/wp\/v2\/pages\/215"}],"collection":[{"href":"https:\/\/huigra.com\/camping-ecuador\/wp-json\/wp\/v2\/pages"}],"about":[{"href":"https:\/\/huigra.com\/camping-ecuador\/wp-json\/wp\/v2\/types\/page"}],"author":[{"embeddable":true,"href":"https:\/\/huigra.com\/camping-ecuador\/wp-json\/wp\/v2\/users\/1"}],"replies":[{"embeddable":true,"href":"https:\/\/huigra.com\/camping-ecuador\/wp-json\/wp\/v2\/comments?post=215"}],"version-history":[{"count":34,"href":"https:\/\/huigra.com\/camping-ecuador\/wp-json\/wp\/v2\/pages\/215\/revisions"}],"predecessor-version":[{"id":808,"href":"https:\/\/huigra.com\/camping-ecuador\/wp-json\/wp\/v2\/pages\/215\/revisions\/808"}],"wp:attachment":[{"href":"https:\/\/huigra.com\/camping-ecuador\/wp-json\/wp\/v2\/media?parent=215"}],"curies":[{"name":"wp","href":"https:\/\/api.w.org\/{rel}","templated":true}]}}