{"id":188,"date":"2014-04-09T00:48:38","date_gmt":"2014-04-09T00:48:38","guid":{"rendered":"http:\/\/huigra.com\/?page_id=188"},"modified":"2017-02-28T22:51:54","modified_gmt":"2017-02-28T22:51:54","slug":"alquiler-de-bicicletas","status":"publish","type":"page","link":"https:\/\/huigra.com\/camping-ecuador\/alquiler-de-bicicletas\/","title":{"rendered":"Alquiler de bicicletas"},"content":{"rendered":"<p>Contamos con bicicletas monta\u00f1eras a $10 por d\u00eda o fracci\u00f3n.<\/p>\n<p><a href=\"http:\/\/huigra.com\/wp-content\/uploads\/2014\/04\/bicicletas2.jpg\"><img loading=\"lazy\" class=\"aligncenter  wp-image-715\" src=\"http:\/\/huigra.com\/wp-content\/uploads\/2014\/04\/bicicletas2.jpg\" alt=\"\" width=\"644\" height=\"483\" srcset=\"https:\/\/huigra.com\/camping-ecuador\/wp-content\/uploads\/2014\/04\/bicicletas2.jpg 1200w, https:\/\/huigra.com\/camping-ecuador\/wp-content\/uploads\/2014\/04\/bicicletas2-300x225.jpg 300w, https:\/\/huigra.com\/camping-ecuador\/wp-content\/uploads\/2014\/04\/bicicletas2-768x576.jpg 768w, https:\/\/huigra.com\/camping-ecuador\/wp-content\/uploads\/2014\/04\/bicicletas2-1024x768.jpg 1024w, https:\/\/huigra.com\/camping-ecuador\/wp-content\/uploads\/2014\/04\/bicicletas2-100x75.jpg 100w, https:\/\/huigra.com\/camping-ecuador\/wp-content\/uploads\/2014\/04\/bicicletas2-103x77.jpg 103w\" sizes=\"(max-width: 644px) 100vw, 644px\" \/><\/a><\/p>\n","protected":false},"excerpt":{"rendered":"<p>Contamos con bicicletas monta\u00f1eras a $10 por d\u00eda o fracci\u00f3n.<\/p>\n","protected":false},"author":1,"featured_media":0,"parent":0,"menu_order":0,"comment_status":"closed","ping_status":"closed","template":"template-full-width.php","meta":[],"_links":{"self":[{"href":"https:\/\/huigra.com\/camping-ecuador\/wp-json\/wp\/v2\/pages\/188"}],"collection":[{"href":"https:\/\/huigra.com\/camping-ecuador\/wp-json\/wp\/v2\/pages"}],"about":[{"href":"https:\/\/huigra.com\/camping-ecuador\/wp-json\/wp\/v2\/types\/page"}],"author":[{"embeddable":true,"href":"https:\/\/huigra.com\/camping-ecuador\/wp-json\/wp\/v2\/users\/1"}],"replies":[{"embeddable":true,"href":"https:\/\/huigra.com\/camping-ecuador\/wp-json\/wp\/v2\/comments?post=188"}],"version-history":[{"count":7,"href":"https:\/\/huigra.com\/camping-ecuador\/wp-json\/wp\/v2\/pages\/188\/revisions"}],"predecessor-version":[{"id":716,"href":"https:\/\/huigra.com\/camping-ecuador\/wp-json\/wp\/v2\/pages\/188\/revisions\/716"}],"wp:attachment":[{"href":"https:\/\/huigra.com\/camping-ecuador\/wp-json\/wp\/v2\/media?parent=188"}],"curies":[{"name":"wp","href":"https:\/\/api.w.org\/{rel}","templated":true}]}}