{"id":117,"date":"2014-04-08T17:10:06","date_gmt":"2014-04-08T17:10:06","guid":{"rendered":"http:\/\/huigra.com\/?page_id=117"},"modified":"2017-03-03T19:15:45","modified_gmt":"2017-03-03T19:15:45","slug":"alimentacion","status":"publish","type":"page","link":"https:\/\/huigra.com\/camping-ecuador\/alimentacion\/","title":{"rendered":"Alimentaci\u00f3n"},"content":{"rendered":"<p>Ofrecemos snacks, m\u00e1s algunas opciones de men\u00fa.<\/p>\n<p><a href=\"http:\/\/huigra.com\/wp-content\/uploads\/2014\/04\/menu_minimalista-back.jpg\"><img loading=\"lazy\" class=\"aligncenter  wp-image-721\" src=\"http:\/\/huigra.com\/wp-content\/uploads\/2014\/04\/menu_minimalista-back.jpg\" alt=\"\" width=\"689\" height=\"966\" srcset=\"https:\/\/huigra.com\/camping-ecuador\/wp-content\/uploads\/2014\/04\/menu_minimalista-back.jpg 1000w, https:\/\/huigra.com\/camping-ecuador\/wp-content\/uploads\/2014\/04\/menu_minimalista-back-214x300.jpg 214w, https:\/\/huigra.com\/camping-ecuador\/wp-content\/uploads\/2014\/04\/menu_minimalista-back-768x1077.jpg 768w, https:\/\/huigra.com\/camping-ecuador\/wp-content\/uploads\/2014\/04\/menu_minimalista-back-730x1024.jpg 730w, https:\/\/huigra.com\/camping-ecuador\/wp-content\/uploads\/2014\/04\/menu_minimalista-back-71x100.jpg 71w, https:\/\/huigra.com\/camping-ecuador\/wp-content\/uploads\/2014\/04\/menu_minimalista-back-55x77.jpg 55w\" sizes=\"(max-width: 689px) 100vw, 689px\" \/><\/a><\/p>\n","protected":false},"excerpt":{"rendered":"<p>Ofrecemos snacks, m\u00e1s algunas opciones de men\u00fa.<\/p>\n","protected":false},"author":1,"featured_media":0,"parent":0,"menu_order":0,"comment_status":"closed","ping_status":"closed","template":"template-full-width.php","meta":[],"_links":{"self":[{"href":"https:\/\/huigra.com\/camping-ecuador\/wp-json\/wp\/v2\/pages\/117"}],"collection":[{"href":"https:\/\/huigra.com\/camping-ecuador\/wp-json\/wp\/v2\/pages"}],"about":[{"href":"https:\/\/huigra.com\/camping-ecuador\/wp-json\/wp\/v2\/types\/page"}],"author":[{"embeddable":true,"href":"https:\/\/huigra.com\/camping-ecuador\/wp-json\/wp\/v2\/users\/1"}],"replies":[{"embeddable":true,"href":"https:\/\/huigra.com\/camping-ecuador\/wp-json\/wp\/v2\/comments?post=117"}],"version-history":[{"count":9,"href":"https:\/\/huigra.com\/camping-ecuador\/wp-json\/wp\/v2\/pages\/117\/revisions"}],"predecessor-version":[{"id":722,"href":"https:\/\/huigra.com\/camping-ecuador\/wp-json\/wp\/v2\/pages\/117\/revisions\/722"}],"wp:attachment":[{"href":"https:\/\/huigra.com\/camping-ecuador\/wp-json\/wp\/v2\/media?parent=117"}],"curies":[{"name":"wp","href":"https:\/\/api.w.org\/{rel}","templated":true}]}}