{"id":105,"date":"2014-04-08T16:41:23","date_gmt":"2014-04-08T16:41:23","guid":{"rendered":"http:\/\/huigra.com\/?page_id=105"},"modified":"2017-07-03T05:35:26","modified_gmt":"2017-07-03T05:35:26","slug":"fauna-y-flora","status":"publish","type":"page","link":"https:\/\/huigra.com\/camping-ecuador\/fauna-y-flora\/","title":{"rendered":"Fauna y Flora"},"content":{"rendered":"<p>Huigra Viejo es una zona rica en biodiversidad. Su ubicaci\u00f3n privilegiada en los Andes del Ecuador lo convierte en h\u00e1bitat de variadas especies. A continuaci\u00f3n algunas fotos tomadas EN SITIO. Si conoces el nombre de alguna de estas especies, por favor, d\u00e9janos un comentario. Nos encontramos haciendo un inventario de la flora y fauna del lugar.<\/p>\n\n\t\t<div id='gallery-1' class='gallery galleryid-105 gallery-columns-3 gallery-size-thumbnail'><dl class='gallery-item'><dt class='gallery-icon'><a href=\"https:\/\/huigra.com\/camping-ecuador\/wp-content\/uploads\/2014\/04\/20140407_1450503.jpg\" rel=\"prettyPhoto[gallery-]\" title=\"20140407_145050\"><span class=\"zoom-wrapper\">\n\t\t\t\t\t<span class=\"zoom\"><\/span>\n\t\t\t\t<\/span><img src=\"https:\/\/huigra.com\/camping-ecuador\/wp-content\/uploads\/2014\/04\/20140407_1450503-500x500.jpg\" alt=\"\" \/><\/a><\/dt><dd class='wp-caption-text gallery-caption'><h3 class=\"title1\">\n\t\t\t\tNinfa de Cigarra\n\t\t\t\t<span class=\"title-end\"><\/span><\/h3><\/dd><\/dl><dl class='gallery-item'><dt class='gallery-icon'><a href=\"https:\/\/huigra.com\/camping-ecuador\/wp-content\/uploads\/2014\/04\/20140408_141318_RichtoneHDR.jpg\" rel=\"prettyPhoto[gallery-]\" title=\"20140408_141318_Richtone(HDR)\"><span class=\"zoom-wrapper\">\n\t\t\t\t\t<span class=\"zoom\"><\/span>\n\t\t\t\t<\/span><img src=\"https:\/\/huigra.com\/camping-ecuador\/wp-content\/uploads\/2014\/04\/20140408_141318_RichtoneHDR-500x500.jpg\" alt=\"\" \/><\/a><\/dt><dd class='wp-caption-text gallery-caption'><h3 class=\"title1\">\n\t\t\t\tFlor\n\t\t\t\t<span class=\"title-end\"><\/span><\/h3><\/dd><\/dl><dl class='gallery-item'><dt class='gallery-icon'><a href=\"https:\/\/huigra.com\/camping-ecuador\/wp-content\/uploads\/2014\/04\/20140408_152740_RichtoneHDR.jpg\" rel=\"prettyPhoto[gallery-]\" title=\"20140408_152740_Richtone(HDR)\"><span class=\"zoom-wrapper\">\n\t\t\t\t\t<span class=\"zoom\"><\/span>\n\t\t\t\t<\/span><img src=\"https:\/\/huigra.com\/camping-ecuador\/wp-content\/uploads\/2014\/04\/20140408_152740_RichtoneHDR-500x500.jpg\" alt=\"\" \/><\/a><\/dt><dd class='wp-caption-text gallery-caption'><h3 class=\"title1\">\n\t\t\t\tChinche\n\t\t\t\t<span class=\"title-end\"><\/span><\/h3><\/dd><\/dl><dl class='gallery-item'><dt class='gallery-icon'><a href=\"https:\/\/huigra.com\/camping-ecuador\/wp-content\/uploads\/2014\/04\/mariposa.jpg\" rel=\"prettyPhoto[gallery-]\" title=\"mariposa\"><span class=\"zoom-wrapper\">\n\t\t\t\t\t<span class=\"zoom\"><\/span>\n\t\t\t\t<\/span><img src=\"https:\/\/huigra.com\/camping-ecuador\/wp-content\/uploads\/2014\/04\/mariposa-500x500.jpg\" alt=\"\" \/><\/a><\/dt><dd class='wp-caption-text gallery-caption'><h3 class=\"title1\">\n\t\t\t\tHylesia Nanus?\n\t\t\t\t<span class=\"title-end\"><\/span><\/h3><\/dd><\/dl><dl class='gallery-item'><dt class='gallery-icon'><a href=\"https:\/\/huigra.com\/camping-ecuador\/wp-content\/uploads\/2014\/04\/20140408_1049583.jpg\" rel=\"prettyPhoto[gallery-]\" title=\"20140408_104958\"><span class=\"zoom-wrapper\">\n\t\t\t\t\t<span class=\"zoom\"><\/span>\n\t\t\t\t<\/span><img src=\"https:\/\/huigra.com\/camping-ecuador\/wp-content\/uploads\/2014\/04\/20140408_1049583-500x500.jpg\" alt=\"\" \/><\/a><\/dt><dd class='wp-caption-text gallery-caption'><h3 class=\"title1\">\n\t\t\t\tMil pies\n\t\t\t\t<span class=\"title-end\"><\/span><\/h3><\/dd><\/dl><dl class='gallery-item'><dt class='gallery-icon'><a href=\"https:\/\/huigra.com\/camping-ecuador\/wp-content\/uploads\/2014\/04\/20140408_141722_RichtoneHDR.jpg\" rel=\"prettyPhoto[gallery-]\" title=\"20140408_141722_Richtone(HDR)\"><span class=\"zoom-wrapper\">\n\t\t\t\t\t<span class=\"zoom\"><\/span>\n\t\t\t\t<\/span><img src=\"https:\/\/huigra.com\/camping-ecuador\/wp-content\/uploads\/2014\/04\/20140408_141722_RichtoneHDR-500x500.jpg\" alt=\"\" \/><\/a><\/dt><dd class='wp-caption-text gallery-caption'><h3 class=\"title1\">\n\t\t\t\tMariposa\n\t\t\t\t<span class=\"title-end\"><\/span><\/h3><\/dd><\/dl><dl class='gallery-item'><dt class='gallery-icon'><a href=\"https:\/\/huigra.com\/camping-ecuador\/wp-content\/uploads\/2014\/04\/20140408_141002_RichtoneHDR.jpg\" rel=\"prettyPhoto[gallery-]\" title=\"20140408_141002_Richtone(HDR)\"><span class=\"zoom-wrapper\">\n\t\t\t\t\t<span class=\"zoom\"><\/span>\n\t\t\t\t<\/span><img src=\"https:\/\/huigra.com\/camping-ecuador\/wp-content\/uploads\/2014\/04\/20140408_141002_RichtoneHDR-500x500.jpg\" alt=\"\" \/><\/a><\/dt><dd class='wp-caption-text gallery-caption'><h3 class=\"title1\">\n\t\t\t\t\u00c1fidos Rojos (Pulg\u00f3n)\n\t\t\t\t<span class=\"title-end\"><\/span><\/h3><\/dd><\/dl><dl class='gallery-item'><dt class='gallery-icon'><a href=\"https:\/\/huigra.com\/camping-ecuador\/wp-content\/uploads\/2014\/04\/20140407_162758_RichtoneHDR3.jpg\" rel=\"prettyPhoto[gallery-]\" title=\"20140407_162758_Richtone(HDR)\"><span class=\"zoom-wrapper\">\n\t\t\t\t\t<span class=\"zoom\"><\/span>\n\t\t\t\t<\/span><img src=\"https:\/\/huigra.com\/camping-ecuador\/wp-content\/uploads\/2014\/04\/20140407_162758_RichtoneHDR3-500x500.jpg\" alt=\"\" \/><\/a><\/dt><dd class='wp-caption-text gallery-caption'><h3 class=\"title1\">\n\t\t\t\tHuigra Viejo\n\t\t\t\t<span class=\"title-end\"><\/span><\/h3><\/dd><\/dl><dl class='gallery-item'><dt class='gallery-icon'><a href=\"https:\/\/huigra.com\/camping-ecuador\/wp-content\/uploads\/2014\/04\/20140408_140816.jpg\" rel=\"prettyPhoto[gallery-]\" title=\"20140408_140816\"><span class=\"zoom-wrapper\">\n\t\t\t\t\t<span class=\"zoom\"><\/span>\n\t\t\t\t<\/span><img src=\"https:\/\/huigra.com\/camping-ecuador\/wp-content\/uploads\/2014\/04\/20140408_140816-500x500.jpg\" alt=\"\" \/><\/a><\/dt><\/dl><dl class='gallery-item'><dt class='gallery-icon'><a href=\"https:\/\/huigra.com\/camping-ecuador\/wp-content\/uploads\/2014\/04\/20140408_140702_RichtoneHDR.jpg\" rel=\"prettyPhoto[gallery-]\" title=\"20140408_140702_Richtone(HDR)\"><span class=\"zoom-wrapper\">\n\t\t\t\t\t<span class=\"zoom\"><\/span>\n\t\t\t\t<\/span><img src=\"https:\/\/huigra.com\/camping-ecuador\/wp-content\/uploads\/2014\/04\/20140408_140702_RichtoneHDR-500x500.jpg\" alt=\"\" \/><\/a><\/dt><\/dl><dl class='gallery-item'><dt class='gallery-icon'><a href=\"https:\/\/huigra.com\/camping-ecuador\/wp-content\/uploads\/2014\/04\/Screenshot_2014-04-10-12-07-05.png\" rel=\"prettyPhoto[gallery-]\" title=\"Screenshot_2014-04-10-12-07-05\"><span class=\"zoom-wrapper\">\n\t\t\t\t\t<span class=\"zoom\"><\/span>\n\t\t\t\t<\/span><img src=\"https:\/\/huigra.com\/camping-ecuador\/wp-content\/uploads\/2014\/04\/Screenshot_2014-04-10-12-07-05-500x500.png\" alt=\"\" \/><\/a><\/dt><dd class='wp-caption-text gallery-caption'><h3 class=\"title1\">\n\t\t\t\tAdelphicos Quadrivirgatus?\n\t\t\t\t<span class=\"title-end\"><\/span><\/h3><\/dd><\/dl><dl class='gallery-item'><dt class='gallery-icon'><a href=\"https:\/\/huigra.com\/camping-ecuador\/wp-content\/uploads\/2014\/04\/mariposa2.jpg\" rel=\"prettyPhoto[gallery-]\" title=\"mariposa2\"><span class=\"zoom-wrapper\">\n\t\t\t\t\t<span class=\"zoom\"><\/span>\n\t\t\t\t<\/span><img src=\"https:\/\/huigra.com\/camping-ecuador\/wp-content\/uploads\/2014\/04\/mariposa2-500x500.jpg\" alt=\"\" \/><\/a><\/dt><dd class='wp-caption-text gallery-caption'><h3 class=\"title1\">\n\t\t\t\tMariposa\n\t\t\t\t<span class=\"title-end\"><\/span><\/h3><\/dd><\/dl><dl class='gallery-item'><dt class='gallery-icon'><a href=\"https:\/\/huigra.com\/camping-ecuador\/wp-content\/uploads\/2014\/04\/20140408_144618_RichtoneHDR1.png\" rel=\"prettyPhoto[gallery-]\" title=\"20140408_144618_Richtone(HDR)#1\"><span class=\"zoom-wrapper\">\n\t\t\t\t\t<span class=\"zoom\"><\/span>\n\t\t\t\t<\/span><img src=\"https:\/\/huigra.com\/camping-ecuador\/wp-content\/uploads\/2014\/04\/20140408_144618_RichtoneHDR1-500x500.png\" alt=\"\" \/><\/a><\/dt><dd class='wp-caption-text gallery-caption'><h3 class=\"title1\">\n\t\t\t\tGasteracantha?\n\t\t\t\t<span class=\"title-end\"><\/span><\/h3><\/dd><\/dl><dl class='gallery-item'><dt class='gallery-icon'><a href=\"https:\/\/huigra.com\/camping-ecuador\/wp-content\/uploads\/2014\/04\/20140406_175050_RichtoneHDR3.jpg\" rel=\"prettyPhoto[gallery-]\" title=\"20140406_175050_Richtone(HDR)\"><span class=\"zoom-wrapper\">\n\t\t\t\t\t<span class=\"zoom\"><\/span>\n\t\t\t\t<\/span><img src=\"https:\/\/huigra.com\/camping-ecuador\/wp-content\/uploads\/2014\/04\/20140406_175050_RichtoneHDR3-500x500.jpg\" alt=\"\" \/><\/a><\/dt><\/dl><dl class='gallery-item'><dt class='gallery-icon'><a href=\"https:\/\/huigra.com\/camping-ecuador\/wp-content\/uploads\/2014\/04\/20140408_105420_RichtoneHDR3.jpg\" rel=\"prettyPhoto[gallery-]\" title=\"20140408_105420_Richtone(HDR)\"><span class=\"zoom-wrapper\">\n\t\t\t\t\t<span class=\"zoom\"><\/span>\n\t\t\t\t<\/span><img src=\"https:\/\/huigra.com\/camping-ecuador\/wp-content\/uploads\/2014\/04\/20140408_105420_RichtoneHDR3-500x500.jpg\" alt=\"\" \/><\/a><\/dt><dd class='wp-caption-text gallery-caption'><h3 class=\"title1\">\n\t\t\t\tLargidae?\n\t\t\t\t<span class=\"title-end\"><\/span><\/h3><\/dd><\/dl>\n\t\t\t<br style='clear: both;' \/>\n\t\t<\/div>\n\n","protected":false},"excerpt":{"rendered":"<p>Huigra Viejo es una zona rica en biodiversidad. Su ubicaci\u00f3n privilegiada en los Andes del Ecuador lo convierte en h\u00e1bitat de variadas especies. A continuaci\u00f3n <\/p>\n<p><a href=\"https:\/\/huigra.com\/camping-ecuador\/fauna-y-flora\/\" class=\"button2\">Read More &raquo;<\/a><\/p>\n","protected":false},"author":1,"featured_media":0,"parent":0,"menu_order":0,"comment_status":"closed","ping_status":"open","template":"template-full-width.php","meta":[],"_links":{"self":[{"href":"https:\/\/huigra.com\/camping-ecuador\/wp-json\/wp\/v2\/pages\/105"}],"collection":[{"href":"https:\/\/huigra.com\/camping-ecuador\/wp-json\/wp\/v2\/pages"}],"about":[{"href":"https:\/\/huigra.com\/camping-ecuador\/wp-json\/wp\/v2\/types\/page"}],"author":[{"embeddable":true,"href":"https:\/\/huigra.com\/camping-ecuador\/wp-json\/wp\/v2\/users\/1"}],"replies":[{"embeddable":true,"href":"https:\/\/huigra.com\/camping-ecuador\/wp-json\/wp\/v2\/comments?post=105"}],"version-history":[{"count":18,"href":"https:\/\/huigra.com\/camping-ecuador\/wp-json\/wp\/v2\/pages\/105\/revisions"}],"predecessor-version":[{"id":749,"href":"https:\/\/huigra.com\/camping-ecuador\/wp-json\/wp\/v2\/pages\/105\/revisions\/749"}],"wp:attachment":[{"href":"https:\/\/huigra.com\/camping-ecuador\/wp-json\/wp\/v2\/media?parent=105"}],"curies":[{"name":"wp","href":"https:\/\/api.w.org\/{rel}","templated":true}]}}